{"id":1911,"date":"2025-09-17T14:13:27","date_gmt":"2025-09-17T12:13:27","guid":{"rendered":"https:\/\/www.mswberlin.de\/?page_id=1911"},"modified":"2026-04-30T10:27:43","modified_gmt":"2026-04-30T08:27:43","slug":"home","status":"publish","type":"page","link":"https:\/\/www.mswberlin.de\/en\/","title":{"rendered":"home"},"content":{"rendered":"\n  <div class=\"banner has-hover homegradient\" id=\"banner-1827575360\">\n          <div class=\"banner-inner fill\">\n        <div class=\"banner-bg fill\" >\n                                                \n                    <\/div>\n\t\t\n        <div class=\"banner-layers container\">\n            <div class=\"fill banner-link\"><\/div>            \n   <div id=\"text-box-88013583\" class=\"text-box banner-layer hide-for-small x0 md-x5 lg-x5 y100 md-y75 lg-y75 res-text\">\n                                <div class=\"text-box-content text dark\">\n              \n              <div class=\"text-inner text-center\">\n                  \n\t<div id=\"text-3024609773\" class=\"text\">\n\t\t\n<h3>Alles aus einer Hand. Die umfassende Kompetenz fu\u0308r Wirtschaftspru\u0308fung, Steuerberatung und Corporate Finance<\/h3>\n\t\t\n<style>\n#text-3024609773 {\n  text-align: left;\n}\n<\/style>\n\t<\/div>\n\t\n              <\/div>\n           <\/div>\n                            \n<style>\n#text-box-88013583 .text-box-content {\n  background-color: rgb(166, 137, 75);\n  font-size: 100%;\n}\n#text-box-88013583 .text-inner {\n  padding: 30px 40px 30px 40px;\n}\n#text-box-88013583 {\n  width: 100%;\n}\n@media (min-width:550px) {\n  #text-box-88013583 {\n    width: 40%;\n  }\n}\n@media (min-width:850px) {\n  #text-box-88013583 {\n    width: 38%;\n  }\n}\n<\/style>\n    <\/div>\n \n   <div id=\"text-box-1856952905\" class=\"text-box banner-layer x0 md-x100 lg-x100 y100 md-y100 lg-y100 res-text\">\n                                <div class=\"text-box-content text dark\">\n              \n              <div class=\"text-inner text-center\">\n                  \n\t<div id=\"gap-103218872\" class=\"gap-element clearfix show-for-small\" style=\"display:block; height:auto;\">\n\t\t\n<style>\n#gap-103218872 {\n  padding-top: 30px;\n}\n<\/style>\n\t<\/div>\n\t\n\t<div class=\"img has-hover x md-x lg-x y md-y lg-y\" id=\"image_1402689461\">\n\t\t\t\t\t\t\t\t<div class=\"img-inner dark\" >\n\t\t\t<img decoding=\"async\" src=\"https:\/\/www.mswberlin.de\/wp-content\/uploads\/2021\/07\/Home01_Freisteller-2.svg\" class=\"attachment-original size-original\" alt=\"\" \/>\t\t\t\t\t\t\n\t\t\t\t\t<\/div>\n\t\t\t\t\t\t\t\t\n<style>\n#image_1402689461 {\n  width: 95%;\n}\n<\/style>\n\t<\/div>\n\t\n              <\/div>\n           <\/div>\n                            \n<style>\n#text-box-1856952905 {\n  width: 100%;\n}\n#text-box-1856952905 .text-box-content {\n  font-size: 100%;\n}\n@media (min-width:550px) {\n  #text-box-1856952905 {\n    width: 70%;\n  }\n}\n@media (min-width:850px) {\n  #text-box-1856952905 {\n    width: 65%;\n  }\n}\n<\/style>\n    <\/div>\n \n        <\/div>\n      <\/div>\n\n            \n<style>\n#banner-1827575360 {\n  padding-top: 350px;\n  background-color: #a6894b;\n}\n@media (min-width:550px) {\n  #banner-1827575360 {\n    padding-top: 500px;\n  }\n}\n<\/style>\n  <\/div>\n\n\n\n\n\t<section class=\"section\" id=\"section_2091531293\">\n\t\t<div class=\"section-bg fill\" >\n\t\t\t\t\t\t\t\t\t\n\t\t\t\n\n\t\t<\/div>\n\n\t\t\n\n\t\t<div class=\"section-content relative\">\n\t\t\t\n<div class=\"row\"  id=\"row-1489777270\">\n\n\t<div id=\"col-693630308\" class=\"col medium-6 small-12 large-3\"  >\n\t\t\t\t<div class=\"col-inner\"  >\n\t\t\t\n\t\t\t\n<div class=\"row\"  id=\"row-1790478615\">\n\n\t<div id=\"col-1218485795\" class=\"col medium-12 small-12 large-9\"  >\n\t\t\t\t<div class=\"col-inner\"  >\n\t\t\t\n\t\t\t\n\t<div id=\"text-2150017651\" class=\"text sideheadline\">\n\t\t\n<p>PROFESSIONELLE <br \/>\nUNTERST\u00dcTZUNG F\u00dcR<br \/>\nIHR LISTING<\/p>\n\t\t\n<style>\n#text-2150017651 {\n  color: rgb(166, 137, 75);\n}\n#text-2150017651 > * {\n  color: rgb(166, 137, 75);\n}\n<\/style>\n\t<\/div>\n\t\n\t<div id=\"gap-334122878\" class=\"gap-element clearfix\" style=\"display:block; height:auto;\">\n\t\t\n<style>\n#gap-334122878 {\n  padding-top: 40px;\n}\n<\/style>\n\t<\/div>\n\t\n\t<div class=\"img has-hover x md-x lg-x y md-y lg-y\" id=\"image_1035135958\">\n\t\t\t\t\t\t\t\t<div class=\"img-inner dark\" >\n\t\t\t<img decoding=\"async\" src=\"https:\/\/www.mswberlin.de\/wp-content\/uploads\/2025\/12\/Deutsche-Boerse-Signet.svg\" class=\"attachment-original size-original\" alt=\"\" \/>\t\t\t\t\t\t\n\t\t\t\t\t<\/div>\n\t\t\t\t\t\t\t\t\n<style>\n#image_1035135958 {\n  width: 50%;\n}\n@media (min-width:550px) {\n  #image_1035135958 {\n    width: 38%;\n  }\n}\n@media (min-width:850px) {\n  #image_1035135958 {\n    width: 65%;\n  }\n}\n<\/style>\n\t<\/div>\n\t\n\t<div id=\"gap-354985370\" class=\"gap-element clearfix\" style=\"display:block; height:auto;\">\n\t\t\n<style>\n#gap-354985370 {\n  padding-top: 40px;\n}\n@media (min-width:550px) {\n  #gap-354985370 {\n    padding-top: 10px;\n  }\n}\n<\/style>\n\t<\/div>\n\t\n<div class=\"row row-collapse align-middle\"  id=\"row-1663695314\">\n\n\t<div id=\"col-1840246000\" class=\"col medium-5 small-6 large-4\"  >\n\t\t\t\t<div class=\"col-inner\"  >\n\t\t\t\n\t\t\t\n<div class=\"video-button-wrapper\" style=\"font-size:75%\"><a href=\"https:\/\/www.youtube.com\/watch?v=nu8sUMA_avc\" class=\"button open-video icon circle is-outline is-xlarge\" role=\"button\" aria-label=\"Open video in lightbox\" data-flatsome-role-button><i class=\"icon-play\" aria-hidden=\"true\" style=\"font-size:1.5em;\"><\/i><\/a><\/div>\n\t\t<\/div>\n\t\t\t\t\t<\/div>\n\n\t\n\n\t<div id=\"col-1966553209\" class=\"col medium-7 small-6 large-8\"  >\n\t\t\t\t<div class=\"col-inner\"  >\n\t\t\t\n\t\t\t\n\t<div id=\"text-1930335097\" class=\"text\">\n\t\t\n<p>Capital Market Partner-Video<\/p>\n\t\t\n<style>\n#text-1930335097 {\n  font-size: 1rem;\n  line-height: 1.4;\n  text-align: left;\n}\n@media (min-width:850px) {\n  #text-1930335097 {\n    text-align: left;\n  }\n}\n<\/style>\n\t<\/div>\n\t\n\t\t<\/div>\n\t\t\t\t\t<\/div>\n\n\t\n<\/div>\n\t<div id=\"gap-1633147700\" class=\"gap-element clearfix\" style=\"display:block; height:auto;\">\n\t\t\n<style>\n#gap-1633147700 {\n  padding-top: 30px;\n}\n<\/style>\n\t<\/div>\n\t\n\t<div id=\"gap-330903444\" class=\"gap-element clearfix\" style=\"display:block; height:auto;\">\n\t\t\n<style>\n#gap-330903444 {\n  padding-top: 40px;\n}\n@media (min-width:550px) {\n  #gap-330903444 {\n    padding-top: 40px;\n  }\n}\n@media (min-width:850px) {\n  #gap-330903444 {\n    padding-top: 0px;\n  }\n}\n<\/style>\n\t<\/div>\n\t\n\t<div id=\"text-1704817930\" class=\"text sideheadline\">\n\t\t\n<p><span style=\"color: #a68600; background-color: #ffffff;\">Deine Karriere bei MSW<\/span><\/p>\n\t\t\t<\/div>\n\t\n\n  <div class=\"banner has-hover\" id=\"banner-2100608831\">\n          <div class=\"banner-inner fill\">\n        <div class=\"banner-bg fill\" >\n            <img loading=\"lazy\" decoding=\"async\" width=\"1\" height=\"1\" src=\"https:\/\/www.mswberlin.de\/wp-content\/uploads\/2022\/04\/Karriere.svg\" class=\"bg attachment-large size-large\" alt=\"\" \/>                                    \n                    <\/div>\n\t\t\n        <div class=\"banner-layers container\">\n            <a class=\"fill\" href=\"\/karriere\/\"><div class=\"fill banner-link\"><\/div><\/a>            \n        <\/div>\n      <\/div>\n\n            \n<style>\n#banner-2100608831 {\n  padding-top: 56.25%;\n}\n#banner-2100608831 .banner-bg img {\n  object-position: 46% 48%;\n}\n<\/style>\n  <\/div>\n\n\n\t<div id=\"gap-481897733\" class=\"gap-element clearfix\" style=\"display:block; height:auto;\">\n\t\t\n<style>\n#gap-481897733 {\n  padding-top: 20px;\n}\n<\/style>\n\t<\/div>\n\t\n<a href=\"\/karriere\/\" class=\"button primary expand\" >\n\t\t<span>mehr erfahren<\/span>\n\t<\/a>\n\n\t<div id=\"gap-216332047\" class=\"gap-element clearfix\" style=\"display:block; height:auto;\">\n\t\t\n<style>\n#gap-216332047 {\n  padding-top: 0px;\n}\n@media (min-width:550px) {\n  #gap-216332047 {\n    padding-top: 30px;\n  }\n}\n<\/style>\n\t<\/div>\n\t\n\t\t<\/div>\n\t\t\t\t\t<\/div>\n\n\t\n<\/div>\n\t\t<\/div>\n\t\t\t\t\t<\/div>\n\n\t\n\n\t<div id=\"col-816209487\" class=\"col medium-12 small-12 large-9 medium-col-first\"  >\n\t\t\t\t<div class=\"col-inner\"  >\n\t\t\t\n\t\t\t\n<div class=\"row\"  id=\"row-967681199\">\n\n\t<div id=\"col-2011316626\" class=\"col small-12 large-12\"  >\n\t\t\t\t<div class=\"col-inner\"  >\n\t\t\t\n\t\t\t\n<div class=\"row\"  id=\"row-2074855405\">\n\n\t<div id=\"col-457200928\" class=\"col small-12 large-12\"  >\n\t\t\t\t<div class=\"col-inner\"  >\n\t\t\t\n\t\t\t\n<p>Die MSW GmbH ist eine international t\u00e4tige Wirtschaftspr\u00fcfungs- und Steuerberatungsgesellschaft im Zentrum Berlins, die neben den Kernbereichen Abschlusspr\u00fcfung und Steuerberatung im Markt als Spezialist f\u00fcr Corporate Finance aktiv ist. Insbesondere die Betreuung von nationalen und internationalen, mittelst\u00e4ndisch gepr\u00e4gten Unternehmen mit Bezug zum Kapitalmarkt sowie Startup-Unternehmen geh\u00f6rt zu unseren komplexen Aufgabenstellungen.<\/p>\n<h2>DIE MSW GMBH IST ETABLIERTER CAPITAL MARKET PARTNER DER DEUTSCHE B\u00d6RSE AG.<\/h2>\n<p>Damit profitiert die MSW vom Netzwerk der Deutsche B\u00f6rse AG und hat direkten Kontakt zum Prim\u00e4rmarktbereich.<\/p>\n<p>Insbesondere ist f\u00fcr MSW, nach den Bestimmungen der Deutsche B\u00f6rse AG f\u00fcr den Freiverkehr der Frankfurter Wertpapierb\u00f6rse, eine Beratung f\u00fcr kleine und mittlere Unternehmen (KMU) bei der Einbeziehung von Aktien oder Anleihen in das Segment der Deutsche B\u00f6rse AG \u201eScale\u201c m\u00f6glich.<\/p>\n\t\t<\/div>\n\t\t\t\t\t<\/div>\n\n\t\n\n\t<div id=\"col-101653178\" class=\"col small-12 large-12\"  >\n\t\t\t\t<div class=\"col-inner\"  >\n\t\t\t\n\t\t\t\n<h2>Mandats-News<\/h2>\n\t\t<\/div>\n\t\t\t\t\n<style>\n#col-101653178 > .col-inner {\n  margin: 0px 0px -20px 0px;\n}\n<\/style>\n\t<\/div>\n\n\t\n\n\t<div id=\"col-1986496499\" class=\"col medium-4 small-12 large-4\"  >\n\t\t\t\t<div class=\"col-inner\"  >\n\t\t\t\n\t\t\t\n\t<div class=\"img has-hover x md-x lg-x y md-y lg-y\" id=\"image_975662964\">\n\t\t\t\t\t\t\t\t<div class=\"img-inner dark\" >\n\t\t\t<img loading=\"lazy\" decoding=\"async\" width=\"1\" height=\"1\" src=\"https:\/\/www.mswberlin.de\/wp-content\/uploads\/2025\/09\/Mandat01.svg\" class=\"attachment-large size-large\" alt=\"\" \/>\t\t\t\t\t\t\n\t\t\t\t\t<\/div>\n\t\t\t\t\t\t\t\t\n<style>\n#image_975662964 {\n  width: 100%;\n}\n<\/style>\n\t<\/div>\n\t\n<p><strong>MSW wird Abschlusspr\u00fcfer der<br \/>\nPentixapharm AG<\/strong><\/p>\n\t\t<\/div>\n\t\t\t\t\t<\/div>\n\n\t\n\n\t<div id=\"col-1060660435\" class=\"col medium-4 small-12 large-4\"  >\n\t\t\t\t<div class=\"col-inner\"  >\n\t\t\t\n\t\t\t\n\t<div class=\"img has-hover x md-x lg-x y md-y lg-y\" id=\"image_1635935862\">\n\t\t\t\t\t\t\t\t<div class=\"img-inner dark\" >\n\t\t\t<img loading=\"lazy\" decoding=\"async\" width=\"1\" height=\"1\" src=\"https:\/\/www.mswberlin.de\/wp-content\/uploads\/2025\/09\/Mandat02-2.svg\" class=\"attachment-large size-large\" alt=\"\" \/>\t\t\t\t\t\t\n\t\t\t\t\t<\/div>\n\t\t\t\t\t\t\t\t\n<style>\n#image_1635935862 {\n  width: 100%;\n}\n<\/style>\n\t<\/div>\n\t\n<p><strong>MSW wird Abschlusspr\u00fcfer der<br \/>\nPLANOPTIK AG<\/strong><\/p>\n\t\t<\/div>\n\t\t\t\t\t<\/div>\n\n\t\n\n\t<div id=\"col-1532657118\" class=\"col medium-4 small-12 large-4\"  >\n\t\t\t\t<div class=\"col-inner\"  >\n\t\t\t\n\t\t\t\n\t<div class=\"img has-hover x md-x lg-x y md-y lg-y\" id=\"image_1155126397\">\n\t\t\t\t\t\t\t\t<div class=\"img-inner dark\" >\n\t\t\t<img loading=\"lazy\" decoding=\"async\" width=\"1\" height=\"1\" src=\"https:\/\/www.mswberlin.de\/wp-content\/uploads\/2025\/10\/Mandat04.svg\" class=\"attachment-large size-large\" alt=\"\" \/>\t\t\t\t\t\t\n\t\t\t\t\t<\/div>\n\t\t\t\t\t\t\t\t\n<style>\n#image_1155126397 {\n  width: 100%;\n}\n<\/style>\n\t<\/div>\n\t\n<p><strong>MSW wird Abschlusspr\u00fcfer der<br \/>\nFinexity AG<\/strong><\/p>\n\t\t<\/div>\n\t\t\t\t\t<\/div>\n\n\t\n\n\t<div id=\"col-1396137529\" class=\"col small-12 large-12\"  >\n\t\t\t\t<div class=\"col-inner\"  >\n\t\t\t\n\t\t\t\n<p>Die Mandate stellen einen weiteren Schritt in der Umsetzung unserer strategischen Ausrichtung dar und unterstreicht das Vertrauen in unsere fachliche Kompetenz.<\/p>\n<p>Wir bedanken uns herzlich f\u00fcr das entgegengebrachte Vertrauen und freuen uns auf die Zusammenarbeit<\/p>\n\t\t<\/div>\n\t\t\t\t\n<style>\n#col-1396137529 > .col-inner {\n  margin: -20px 0px 0px 0px;\n}\n<\/style>\n\t<\/div>\n\n\t\n\n\n\n\t<div id=\"col-1356418487\" class=\"col small-12 large-12\"  >\n\t\t\t\t<div class=\"col-inner\"  >\n\t\t\t\n\t\t\t\n<h2>News<\/h2>\n\t\t<\/div>\n\t\t\t\t\n<style>\n#col-1356418487 > .col-inner {\n  margin: 0px 0px -20px 0px;\n}\n<\/style>\n\t<\/div>\n\n\t\n\n\t<div id=\"col-1262990142\" class=\"col small-12 large-12\"  >\n\t\t\t\t<div class=\"col-inner\"  >\n\t\t\t\n\t\t\t\n<div class=\"row row-collapse align-equal\"  id=\"row-1605043041\">\n\n\t<div id=\"col-147169128\" class=\"col medium-6 small-12 large-6\"  >\n\t\t\t\t<div class=\"col-inner\"  >\n\t\t\t\n\t\t\t\n\t<div class=\"img has-hover x md-x lg-x y md-y lg-y\" id=\"image_438090927\">\n\t\t<a class=\"\" href=\"https:\/\/equityforum.de\/\" target=\"_blank\" rel=\"noopener\" >\t\t\t\t\t\t<div class=\"img-inner dark\" >\n\t\t\t<img loading=\"lazy\" decoding=\"async\" width=\"1044\" height=\"1044\" src=\"https:\/\/www.mswberlin.de\/wp-content\/uploads\/2026\/04\/Folie3.jpg\" class=\"attachment-original size-original\" alt=\"\" srcset=\"https:\/\/www.mswberlin.de\/wp-content\/uploads\/2026\/04\/Folie3.jpg 1044w, https:\/\/www.mswberlin.de\/wp-content\/uploads\/2026\/04\/Folie3-300x300.jpg 300w, https:\/\/www.mswberlin.de\/wp-content\/uploads\/2026\/04\/Folie3-1024x1024.jpg 1024w, https:\/\/www.mswberlin.de\/wp-content\/uploads\/2026\/04\/Folie3-150x150.jpg 150w, https:\/\/www.mswberlin.de\/wp-content\/uploads\/2026\/04\/Folie3-768x768.jpg 768w, https:\/\/www.mswberlin.de\/wp-content\/uploads\/2026\/04\/Folie3-12x12.jpg 12w\" sizes=\"auto, (max-width: 1044px) 100vw, 1044px\" \/>\t\t\t\t\t\t\n\t\t\t\t\t<\/div>\n\t\t\t\t\t\t<\/a>\t\t\n<style>\n#image_438090927 {\n  width: 100%;\n}\n<\/style>\n\t<\/div>\n\t\n\t\t<\/div>\n\t\t\t\t\n<style>\n#col-147169128 > .col-inner {\n  padding: 0px 0px 0px 0px;\n}\n@media (min-width:550px) {\n  #col-147169128 > .col-inner {\n    padding: 20px 0px 20px 20px;\n  }\n}\n@media (min-width:850px) {\n  #col-147169128 > .col-inner {\n    padding: 0px 0px 0px 0px;\n  }\n}\n<\/style>\n\t<\/div>\n\n\t\n\n\t<div id=\"col-724713984\" class=\"col medium-6 small-12 large-6\"  >\n\t\t\t\t<div class=\"col-inner\"  >\n\t\t\t\n\t\t\t\n\t<div id=\"text-45785801\" class=\"text\">\n\t\t\n<h2>Wir sind wieder dabei \u2013 <br \/>als Partner der #FJK26!<\/h2>\n\t\t\n<style>\n#text-45785801 {\n  color: rgb(166, 137, 75);\n}\n#text-45785801 > * {\n  color: rgb(166, 137, 75);\n}\n<\/style>\n\t<\/div>\n\t\n<p><strong>Vom 11. bis 12. Mai 2026<\/strong> bringt das EF Equity Forum Kapitalmarktprofis, b\u00f6rsennotierte Unternehmen und Investoren zusammen.<\/p>\n<p>Wir freuen uns auf eine spannende Veranstaltung.<\/p>\n<a href=\"https:\/\/equityforum.de\/\" target=\"_blank\" class=\"button primary is-link lowercase\" rel=\"noopener\" >\n\t\t<span>mehr &#x203A;<\/span>\n\t<\/a>\n\n\t\t<\/div>\n\t\t\t\t\n<style>\n#col-724713984 > .col-inner {\n  padding: 20px 15px 30px 15px;\n}\n@media (min-width:550px) {\n  #col-724713984 > .col-inner {\n    padding: 20px 15px 30px 30px;\n  }\n}\n@media (min-width:850px) {\n  #col-724713984 > .col-inner {\n    padding: 30px 30px 30px 30px;\n  }\n}\n<\/style>\n\t<\/div>\n\n\t\n\n<style>\n#row-1605043041 > .col > .col-inner {\n  background-color: rgb(244, 244, 244);\n}\n<\/style>\n<\/div>\n\t<div id=\"gap-1279787085\" class=\"gap-element clearfix\" style=\"display:block; height:auto;\">\n\t\t\n<style>\n#gap-1279787085 {\n  padding-top: 30px;\n}\n<\/style>\n\t<\/div>\n\t\n\t\t<\/div>\n\t\t\t\t\n<style>\n#col-1262990142 > .col-inner {\n  margin: 0px 0px -20px 0px;\n}\n<\/style>\n\t<\/div>\n\n\t\n\n\t<div id=\"col-7176218\" class=\"col medium-6 small-12 large-6\"  >\n\t\t\t\t<div class=\"col-inner\"  >\n\t\t\t\n\t\t\t\n\n  <div class=\"banner has-hover\" id=\"banner-1676126567\">\n          <div class=\"banner-inner fill\">\n        <div class=\"banner-bg fill\" >\n            <img loading=\"lazy\" decoding=\"async\" width=\"800\" height=\"343\" src=\"https:\/\/www.mswberlin.de\/wp-content\/uploads\/2021\/10\/211026_Newsletter_motive_Homeoffice-web.jpg\" class=\"bg attachment-large size-large\" alt=\"\" \/>                                    \n                    <\/div>\n\t\t\n        <div class=\"banner-layers container\">\n            <a class=\"fill\" href=\"\/aktuelle-themen\/#verstaerkung\"><div class=\"fill banner-link\"><\/div><\/a>            \n        <\/div>\n      <\/div>\n\n            \n<style>\n#banner-1676126567 {\n  padding-top: 56.25%;\n}\n#banner-1676126567 .banner-bg img {\n  object-position: 70% 45%;\n}\n<\/style>\n  <\/div>\n\n\n\t<div id=\"gap-1875224628\" class=\"gap-element clearfix\" style=\"display:block; height:auto;\">\n\t\t\n<style>\n#gap-1875224628 {\n  padding-top: 10px;\n}\n<\/style>\n\t<\/div>\n\t\n<p><strong>Verst\u00e4rkung f\u00fcr unsere Wirtschaftspr\u00fcfungsabteilung<br \/>\nseit dem 1. Juli 2025<\/strong><\/p>\n<a href=\"\/aktuelle-themen\/#verstaerkung\" class=\"button primary expand\" >\n\t\t<span>mehr erfahren<\/span>\n\t<\/a>\n\n\t\t<\/div>\n\t\t\t\t\t<\/div>\n\n\t\n\n\t<div id=\"col-1752707634\" class=\"col medium-6 small-12 large-6\"  >\n\t\t\t\t<div class=\"col-inner\"  >\n\t\t\t\n\t\t\t\n\n  <div class=\"banner has-hover\" id=\"banner-1458547772\">\n          <div class=\"banner-inner fill\">\n        <div class=\"banner-bg fill\" >\n            <img loading=\"lazy\" decoding=\"async\" width=\"1\" height=\"1\" src=\"https:\/\/www.mswberlin.de\/wp-content\/uploads\/2024\/07\/240715_Motiv.svg\" class=\"bg attachment-large size-large\" alt=\"\" \/>                                    \n                    <\/div>\n\t\t\n        <div class=\"banner-layers container\">\n            <a class=\"fill\" href=\"\/aktuelle-themen\/#e-rechnung\"><div class=\"fill banner-link\"><\/div><\/a>            \n        <\/div>\n      <\/div>\n\n            \n<style>\n#banner-1458547772 {\n  padding-top: 56.25%;\n}\n#banner-1458547772 .banner-bg img {\n  object-position: 48% 39%;\n}\n<\/style>\n  <\/div>\n\n\n\t<div id=\"gap-1793637134\" class=\"gap-element clearfix\" style=\"display:block; height:auto;\">\n\t\t\n<style>\n#gap-1793637134 {\n  padding-top: 10px;\n}\n<\/style>\n\t<\/div>\n\t\n<p><strong>Einf\u00fchrung E-Rechnung\u00a0&#8211;<br \/>\nWann kommt die E-Rechnung?<\/strong><\/p>\n<a href=\"\/aktuelle-themen\/#e-rechnung\" class=\"button primary expand\" >\n\t\t<span>mehr erfahren<\/span>\n\t<\/a>\n\n\t\t<\/div>\n\t\t\t\t\t<\/div>\n\n\t\n<\/div>\n\t\t<\/div>\n\t\t\t\t\t<\/div>\n\n\t\n<\/div>\n\t\t<\/div>\n\t\t\t\t\t<\/div>\n\n\t\n<\/div>\n\n\n\t\t<\/div>\n\n\t\t\n<style>\n#section_2091531293 {\n  padding-top: 30px;\n  padding-bottom: 30px;\n}\n<\/style>\n\t<\/section>\n\t\n\n\t<section class=\"section\" id=\"section_742347207\">\n\t\t<div class=\"section-bg fill\" >\n\t\t\t\t\t\t\t\t\t\n\t\t\t\n\n\t\t<\/div>\n\n\t\t\n\n\t\t<div class=\"section-content relative\">\n\t\t\t\n\t<div id=\"gap-1338180254\" class=\"gap-element clearfix\" style=\"display:block; height:auto;\">\n\t\t\n<style>\n#gap-1338180254 {\n  padding-top: 0px;\n}\n@media (min-width:550px) {\n  #gap-1338180254 {\n    padding-top: 30px;\n  }\n}\n<\/style>\n\t<\/div>\n\t\n\n\n\t\t<\/div>\n\n\t\t\n<style>\n#section_742347207 {\n  padding-top: 0px;\n  padding-bottom: 0px;\n}\n<\/style>\n\t<\/section>\n\t\n\n\t<section class=\"section\" id=\"section_666634975\">\n\t\t<div class=\"section-bg fill\" >\n\t\t\t<img decoding=\"async\" src=\"https:\/\/www.mswberlin.de\/wp-content\/uploads\/2021\/07\/Newsletter.svg\" class=\"bg attachment-original size-original\" alt=\"\" \/>\t\t\t\t\t\t\n\t\t\t\n\n\t\t<\/div>\n\n\t\t\n\n\t\t<div class=\"section-content relative\">\n\t\t\t\n<div class=\"row\"  id=\"row-1943469263\">\n\n\t<div id=\"col-1481693875\" class=\"col medium-7 small-12 large-7\"  >\n\t\t\t\t<div class=\"col-inner\"  >\n\t\t\t\n\t\t\t\n\t<div id=\"gap-587741270\" class=\"gap-element clearfix\" style=\"display:block; height:auto;\">\n\t\t\n<style>\n#gap-587741270 {\n  padding-top: 30px;\n}\n<\/style>\n\t<\/div>\n\t\n<h1>Aktivieren Sie unsere Newsletter mit aktuellen Steuerinformationen<\/h1>\n<p><strong>Become Part of MSW to Further Your Business<\/strong><\/p>\n<div class=\"wpforms-container wpforms-container-full\" id=\"wpforms-21\"><form id=\"wpforms-form-21\" class=\"wpforms-validate wpforms-form\" data-formid=\"21\" method=\"post\" enctype=\"multipart\/form-data\" action=\"\/en\/wp-json\/wp\/v2\/pages\/1911\" data-token=\"f8323bd138476474e02f972a454bcab0\" data-token-time=\"1777700325\"><noscript class=\"wpforms-error-noscript\">Please enable JavaScript in your browser to complete this form.<\/noscript><div class=\"wpforms-field-container\"><div id=\"wpforms-21-field_3-container\" class=\"wpforms-field wpforms-field-text wpforms-one-third wpforms-first\" data-field-id=\"3\"><label class=\"wpforms-field-label wpforms-label-hide\" for=\"wpforms-21-field_3\">Name <span class=\"wpforms-required-label\">*<\/span><\/label><input type=\"text\" id=\"wpforms-21-field_3\" class=\"wpforms-field-large wpforms-field-required\" name=\"wpforms[fields][3]\" placeholder=\"Vor- und Zuname\" required><\/div><div id=\"wpforms-21-field_7-container\" class=\"wpforms-field wpforms-field-email wpforms-one-third\" data-field-id=\"7\"><label class=\"wpforms-field-label wpforms-label-hide\" for=\"wpforms-21-field_7\">E-Mail <span class=\"wpforms-required-label\">*<\/span><\/label><input type=\"email\" id=\"wpforms-21-field_7\" class=\"wpforms-field-large wpforms-field-required\" name=\"wpforms[fields][7]\" placeholder=\"E-Mail\" spellcheck=\"false\" required><\/div><div id=\"wpforms-21-field_6-container\" class=\"wpforms-field wpforms-field-text wpforms-one-third\" data-field-id=\"6\"><label class=\"wpforms-field-label wpforms-label-hide\" for=\"wpforms-21-field_6\">Telefon<\/label><input type=\"text\" id=\"wpforms-21-field_6\" class=\"wpforms-field-large\" name=\"wpforms[fields][6]\" placeholder=\"Phone\" ><\/div><\/div><!-- .wpforms-field-container --><div class=\"wpforms-recaptcha-container wpforms-is-recaptcha wpforms-is-recaptcha-type-invisible\" ><div class=\"g-recaptcha\" data-sitekey=\"6Lf4Pa0gAAAAAGLPqW__oAy6Cfc-RsWTSmt8mdhv\" data-size=\"invisible\"><\/div><\/div><div class=\"wpforms-submit-container\" ><input type=\"hidden\" name=\"wpforms[id]\" value=\"21\"><input type=\"hidden\" name=\"page_title\" value=\"\"><input type=\"hidden\" name=\"page_url\" value=\"https:\/\/www.mswberlin.de\/en\/wp-json\/wp\/v2\/pages\/1911\"><input type=\"hidden\" name=\"url_referer\" value=\"\"><button type=\"submit\" name=\"wpforms[submit]\" id=\"wpforms-submit-21\" class=\"wpforms-submit\" data-alt-text=\"Senden...\" data-submit-text=\"Senden\" aria-live=\"assertive\" value=\"wpforms-submit\">Senden<\/button><\/div><\/form><\/div>  <!-- .wpforms-container -->\n\t\t<\/div>\n\t\t\t\t\t<\/div>\n\n\t\n<\/div>\n\t\t<\/div>\n\n\t\t\n<style>\n#section_666634975 {\n  padding-top: 100px;\n  padding-bottom: 100px;\n  background-color: rgb(226, 226, 226);\n}\n#section_666634975 .section-bg img {\n  object-position: 73% 59%;\n}\n<\/style>\n\t<\/section>\n\t\n","protected":false},"excerpt":{"rendered":"","protected":false},"author":1,"featured_media":0,"parent":0,"menu_order":0,"comment_status":"closed","ping_status":"closed","template":"","meta":{"footnotes":""},"class_list":["post-1911","page","type-page","status-publish","hentry"],"_links":{"self":[{"href":"https:\/\/www.mswberlin.de\/en\/wp-json\/wp\/v2\/pages\/1911","targetHints":{"allow":["GET"]}}],"collection":[{"href":"https:\/\/www.mswberlin.de\/en\/wp-json\/wp\/v2\/pages"}],"about":[{"href":"https:\/\/www.mswberlin.de\/en\/wp-json\/wp\/v2\/types\/page"}],"author":[{"embeddable":true,"href":"https:\/\/www.mswberlin.de\/en\/wp-json\/wp\/v2\/users\/1"}],"replies":[{"embeddable":true,"href":"https:\/\/www.mswberlin.de\/en\/wp-json\/wp\/v2\/comments?post=1911"}],"version-history":[{"count":35,"href":"https:\/\/www.mswberlin.de\/en\/wp-json\/wp\/v2\/pages\/1911\/revisions"}],"predecessor-version":[{"id":2040,"href":"https:\/\/www.mswberlin.de\/en\/wp-json\/wp\/v2\/pages\/1911\/revisions\/2040"}],"wp:attachment":[{"href":"https:\/\/www.mswberlin.de\/en\/wp-json\/wp\/v2\/media?parent=1911"}],"curies":[{"name":"wp","href":"https:\/\/api.w.org\/{rel}","templated":true}]}}