{"id":363,"date":"2021-07-27T11:19:57","date_gmt":"2021-07-27T09:19:57","guid":{"rendered":"https:\/\/msw.a108340f.sagross.zone\/?page_id=363"},"modified":"2022-10-04T13:31:17","modified_gmt":"2022-10-04T11:31:17","slug":"impressum","status":"publish","type":"page","link":"https:\/\/www.mswberlin.de\/en\/impressum\/","title":{"rendered":"impressum"},"content":{"rendered":"<div class=\"slider-wrapper relative\" id=\"slider-2129100265\" style=\"background-color:rgb(255, 255, 255);\">\n    <div class=\"slider slider-nav-dots-simple slider-nav-circle slider-nav-large slider-nav-light slider-style-normal\"\n        data-flickity-options='{            \"cellAlign\": \"center\",            \"imagesLoaded\": true,            \"lazyLoad\": 1,            \"freeScroll\": false,            \"wrapAround\": true,            \"autoPlay\": 6000,            \"pauseAutoPlayOnHover\" : true,            \"prevNextButtons\": false,            \"contain\" : true,            \"adaptiveHeight\" : true,            \"dragThreshold\" : 10,            \"percentPosition\": true,            \"pageDots\": false,            \"rightToLeft\": false,            \"draggable\": true,            \"selectedAttraction\": 0.1,            \"parallax\" : 0,            \"friction\": 0.6        }'\n        >\n        \n\n\n  <div class=\"banner has-hover\" id=\"banner-250764084\">\n          <div class=\"banner-inner fill\">\n        <div class=\"banner-bg fill\" >\n            <img decoding=\"async\" src=\"https:\/\/www.mswberlin.de\/wp-content\/uploads\/2021\/07\/Datenschutz_Impressum.svg\" class=\"bg attachment-original size-original\" alt=\"\" \/>                                    \n                    <\/div>\n\t\t\n        <div class=\"banner-layers container\">\n            <div class=\"fill banner-link\"><\/div>            \n\n   <div id=\"text-box-1881131903\" class=\"text-box banner-layer hidden x0 md-x5 lg-x5 y100 md-y75 lg-y75 res-text\">\n                                <div class=\"text-box-content text dark\">\n              \n              <div class=\"text-inner text-center\">\n                  \n\n\t<div id=\"text-3874152272\" class=\"text\">\n\t\t\n\n<p>Wir stehen unseren Kunden als kompetenter und zuverl\u00e4ssiger Partner\nzur Seite.<\/p>\n\t\t\n<style>\n#text-3874152272 {\n  font-size: 1.25rem;\n  text-align: left;\n}\n<\/style>\n\t<\/div>\n\t\n\t<div id=\"text-2815801864\" class=\"text\">\n\t\t\n\n<p>Hochqualifizierte und individuelle Wirtschaftspru\u0308fung von MSW<\/p>\n\t\t\n<style>\n#text-2815801864 {\n  font-size: 0.75rem;\n  text-align: left;\n}\n<\/style>\n\t<\/div>\n\t\n\n              <\/div>\n           <\/div>\n                            \n<style>\n#text-box-1881131903 {\n  margin: 0px 0px 0px 10px;\n  width: 100%;\n}\n#text-box-1881131903 .text-box-content {\n  background-color: rgb(166, 137, 75);\n  font-size: 100%;\n}\n#text-box-1881131903 .text-inner {\n  padding: 20px 40px 20px 40px;\n}\n@media (min-width:550px) {\n  #text-box-1881131903 {\n    width: 40%;\n  }\n}\n@media (min-width:850px) {\n  #text-box-1881131903 {\n    width: 39%;\n  }\n}\n<\/style>\n    <\/div>\n \n\n        <\/div>\n      <\/div>\n\n            \n<style>\n#banner-250764084 {\n  padding-top: 500px;\n}\n#banner-250764084 .banner-bg img {\n  object-position: 77% 46%;\n}\n<\/style>\n  <\/div>\n\n\n\n     <\/div>\n\n     <div class=\"loading-spin dark large centered\"><\/div>\n\n\t<\/div>\n\n\n\n\t<section class=\"section\" id=\"section_739888738\">\n\t\t<div class=\"section-bg fill\" >\n\t\t\t\t\t\t\t\t\t\n\t\t\t\n\n\t\t<\/div>\n\n\t\t\n\n\t\t<div class=\"section-content relative\">\n\t\t\t\n\n<div class=\"row align-equal\"  id=\"row-1051740104\">\n\n\n\t<div id=\"col-1649179911\" class=\"col medium-8 small-12 large-12\"  >\n\t\t\t\t<div class=\"col-inner\"  >\n\t\t\t\n\t\t\t\n\n<h1>Imprint<\/h1>\n<p><strong>Responsible for the content<\/strong><br \/>MSW GmbH<br \/>Auditing company<br \/>Tax Consultancy<\/p>\n<p><strong>Managing Director:<\/strong><br \/>WP\/StB Horst Mantay,<br \/>WP\/StB Dr. Mathias Thiere<br \/>Phone + 49.30.88 77 58-0<br \/>Fax + 49.30.88 77 58-10<br \/>Mail <a href=\"\/en\/&\/#x6d;&#x61;&#105;l&#x74;&#x6f;&#x3a;&#105;n&#x66;&#x6f;&#x40;&#109;s&#x77;&#x62;&#x65;&#114;l&#x69;&#x6e;&#x2e;&#100;e\">&#105;&#x6e;&#x66;&#111;&#x40;&#x6d;s&#x77;&#x62;e&#114;&#x6c;i&#110;&#x2e;d&#101;<\/a><\/p>\n<p>Registered office of the company: Berlin <br \/>Local court: Charlottenburg, HRB: 83268 <br \/>UST-Ident-No.: DE 219481387<\/p>\n<p><strong>Berufsbezeichnung:<\/strong><br \/>Wirtschaftspr\u00fcfungsgesellschaft, Steuerberatungsgesellschaft, verliehen in der Bundesrepublik Deutschland\u00a0<\/p>\n<p><strong>Zust\u00e4ndige Aufsichtsbeh\u00f6rden:<\/strong><br \/>Wirtschaftspr\u00fcferkammer Berlin, Rauchstra\u00dfe 26, 10787 Berlin,\u00a0 <a href=\"http:\/\/www.wpk.de\">www.wpk.de<\/a><br \/>Steuerberaterkammer Berlin, Wichmannstra\u00dfe 6, 10787 Berlin, <a href=\"http:\/\/www.stbk-berlin.de\">www.stbk-berlin.de<\/a><\/p>\n<p><strong>Berufsrechtliche Regelungen:<br \/><\/strong> Die ma\u00dfgeblichen berufsrechtlichen Regelungen f\u00fcr Wirtschaftspr\u00fcfungsgesellschaften sind:\u00a0<\/p>\n<ul>\n<li>Wirtschaftspr\u00fcferordnung (WPO)<\/li>\n<li>Berufssatzung f\u00fcr Wirtschaftspr\u00fcfer\/vereidigte Buchpr\u00fcfer (BS WP\/vBP)<\/li>\n<li>Satzung f\u00fcr Qualit\u00e4tskontrolle<\/li>\n<li>Wirtschaftspr\u00fcfer-Berufshaftpflichtversicherungsordnung (WPBHV)<\/li>\n<\/ul>\n<p>Alle Texte sind \u00fcber die Website der Wirtschaftspr\u00fcferkammer unter <a href=\"http:\/\/www.wpk.de\/rechtsvorschriften\/\">www.wpk.de\/rechtsvorschriften\/<\/a> abrufbar.<\/p>\n<p>Steuerberatungsgesellschaften unterliegen im Wesentlichen den nachstehenden berufsrechtlichen Regelungen:<\/p>\n<ul>\n<li>Steuerberatungsgesetz (StBerG)<\/li>\n<li>Durchf\u00fchrungsverordnung zum Steuerberatungsgesetz (DVStB)<\/li>\n<li>Berufsordnung (BOStB)<\/li>\n<li>Steuerberatergeb\u00fchrenverordnung (StBGebV)<\/li>\n<\/ul>\n<p>Die berufsrechtlichen Regelungen finden Sie auf der Internetseite der Bundessteuerberaterkammer\u00a0<a href=\"https:\/\/www.bstbk.de\/de\/presse\/publikationen\/\">https:\/\/www.bstbk.de\/de\/presse\/publikationen\/<\/a> und der Steuerberaterkammer Berlin <a href=\"http:\/\/www.stbk-berlin.de\/downloads\/\">http:\/\/www.stbk-berlin.de\/downloads\/<\/a>.<\/p>\n<p><strong>Information on professional liability insurance:<\/strong> <br \/>Die Berufshaftpflichtversicherung besteht bei der VSW Versicherergemeinschaft f\u00fcr Steuerberater und Wirtschaftspr\u00fcfer, Dotzheimer Stra\u00dfe 23, 65185 Wiesbaden. Der r\u00e4umliche Geltungsbereich des Versicherungsschutzes umfasst T\u00e4tigkeiten in den Mitgliedsl\u00e4ndern der Europ\u00e4ischen Union und gen\u00fcgt so mindestens den Anforderungen des \u00a7 54 Wirtschaftspr\u00fcferordnung (WPO) in Verbindung mit der Verordnung \u00fcber die Berufshaftpflichtversicherung der Wirtschaftspr\u00fcfer und vereidigten Buchpr\u00fcfer (WPBHV).<\/p>\n<p><strong>Obligation to provide information in accordance with \u00a7\u00a7 36, 37 VSBG (Consumer Dispute Settlement Act): <\/strong>MSW GmbH Wirtschaftspr\u00fcfungsgesellschaft Steuerberatungsgesellschaft is not willing or obliged to participate in dispute resolution proceedings before a consumer arbitration board.<\/p>\n<p><strong>Disclaimer<\/strong> <br \/>Despite careful control of the contents, we do not assume any liability for the contents of external links. The operators of the linked pages are solely responsible for their content.<\/p>\n\n\n\t\t<\/div>\n\t\t\t\t\t<\/div>\n\n\t\n\n<\/div>\n\n\t\t<\/div>\n\n\t\t\n<style>\n#section_739888738 {\n  padding-top: 30px;\n  padding-bottom: 30px;\n}\n<\/style>\n\t<\/section>","protected":false},"excerpt":{"rendered":"","protected":false},"author":1,"featured_media":0,"parent":0,"menu_order":0,"comment_status":"closed","ping_status":"closed","template":"","meta":{"footnotes":""},"class_list":["post-363","page","type-page","status-publish","hentry"],"_links":{"self":[{"href":"https:\/\/www.mswberlin.de\/en\/wp-json\/wp\/v2\/pages\/363","targetHints":{"allow":["GET"]}}],"collection":[{"href":"https:\/\/www.mswberlin.de\/en\/wp-json\/wp\/v2\/pages"}],"about":[{"href":"https:\/\/www.mswberlin.de\/en\/wp-json\/wp\/v2\/types\/page"}],"author":[{"embeddable":true,"href":"https:\/\/www.mswberlin.de\/en\/wp-json\/wp\/v2\/users\/1"}],"replies":[{"embeddable":true,"href":"https:\/\/www.mswberlin.de\/en\/wp-json\/wp\/v2\/comments?post=363"}],"version-history":[{"count":14,"href":"https:\/\/www.mswberlin.de\/en\/wp-json\/wp\/v2\/pages\/363\/revisions"}],"predecessor-version":[{"id":1289,"href":"https:\/\/www.mswberlin.de\/en\/wp-json\/wp\/v2\/pages\/363\/revisions\/1289"}],"wp:attachment":[{"href":"https:\/\/www.mswberlin.de\/en\/wp-json\/wp\/v2\/media?parent=363"}],"curies":[{"name":"wp","href":"https:\/\/api.w.org\/{rel}","templated":true}]}}