{"id":81,"date":"2021-07-12T13:27:33","date_gmt":"2021-07-12T11:27:33","guid":{"rendered":"https:\/\/msw.a108340f.sagross.zone\/?page_id=81"},"modified":"2021-07-28T12:29:32","modified_gmt":"2021-07-28T10:29:32","slug":"about","status":"publish","type":"page","link":"https:\/\/www.mswberlin.de\/en\/msw\/about\/","title":{"rendered":"about"},"content":{"rendered":"<div class=\"banner has-hover homegradient\" id=\"banner-1967945942\">\n          <div class=\"banner-inner fill\">\n        <div class=\"banner-bg fill\" >\n                                                \n                    <\/div>\n\t\t\n        <div class=\"banner-layers container\">\n            <div class=\"fill banner-link\"><\/div>            \n\n   <div id=\"text-box-1177537036\" class=\"text-box banner-layer hidden x0 md-x5 lg-x5 y100 md-y75 lg-y75 res-text\">\n                                <div class=\"text-box-content text dark\">\n              \n              <div class=\"text-inner text-center\">\n                  \n\n\t<div id=\"text-523656123\" class=\"text\">\n\t\t\n\n<p>Wir stehen unseren Kunden als kompetenter und zuverl\u00e4ssiger Partner\nzur Seite.<\/p>\n\t\t\n<style>\n#text-523656123 {\n  font-size: 1.25rem;\n  text-align: left;\n}\n<\/style>\n\t<\/div>\n\t\n\t<div id=\"text-4173097619\" class=\"text\">\n\t\t\n\n<p>Hochqualifizierte und individuelle Wirtschaftspru\u0308fung von MSW<\/p>\n\t\t\n<style>\n#text-4173097619 {\n  font-size: 0.75rem;\n  text-align: left;\n}\n<\/style>\n\t<\/div>\n\t\n\n              <\/div>\n           <\/div>\n                            \n<style>\n#text-box-1177537036 {\n  margin: 0px 0px 0px 10px;\n  width: 100%;\n}\n#text-box-1177537036 .text-box-content {\n  background-color: rgb(166, 137, 75);\n  font-size: 100%;\n}\n#text-box-1177537036 .text-inner {\n  padding: 20px 40px 20px 40px;\n}\n@media (min-width:550px) {\n  #text-box-1177537036 {\n    width: 40%;\n  }\n}\n@media (min-width:850px) {\n  #text-box-1177537036 {\n    width: 39%;\n  }\n}\n<\/style>\n    <\/div>\n \n\n        <\/div>\n      <\/div>\n\n            \n<style>\n#banner-1967945942 {\n  padding-top: 500px;\n}\n<\/style>\n  <\/div>\n\n\n\n\t<section class=\"section\" id=\"section_148264023\">\n\t\t<div class=\"section-bg fill\" >\n\t\t\t\t\t\t\t\t\t\n\t\t\t\n\n\t\t<\/div>\n\n\t\t\n\n\t\t<div class=\"section-content relative\">\n\t\t\t\n\n<div class=\"row align-equal\"  id=\"row-1844774364\">\n\n\n\t<div id=\"col-234586411\" class=\"col medium-4 small-12 large-4\"  >\n\t\t\t\t<div class=\"col-inner\"  >\n\t\t\t\n\t\t\t\n\n\t<div id=\"text-552114876\" class=\"text sideheadline\">\n\t\t\n\n<p>PROFESSIONAL SUPPORT <br>\nFOR YOUR LISTING<br>\nIHR LISTING<\/p>\n\t\t\n<style>\n#text-552114876 {\n  color: rgb(166, 137, 75);\n}\n#text-552114876 > * {\n  color: rgb(166, 137, 75);\n}\n<\/style>\n\t<\/div>\n\t\n\n\t\t<\/div>\n\t\t\t\t\t<\/div>\n\n\t\n\n\t<div id=\"col-1997716280\" class=\"col medium-8 small-12 large-8\"  >\n\t\t\t\t<div class=\"col-inner\"  >\n\t\t\t\n\t\t\t\n\n\t<div id=\"text-1584791530\" class=\"text\">\n\t\t\n\n<h3>WAS UNS AUSZEICHNET.<\/h3>\n\t\t\n<style>\n#text-1584791530 {\n  color: rgb(166, 137, 75);\n}\n#text-1584791530 > * {\n  color: rgb(166, 137, 75);\n}\n<\/style>\n\t<\/div>\n\t\n<p>Wir stehen unseren Kunden als kompetenter und zuverl\u00e4ssiger Partner zur Seite. Unser integrierter Beratungsansatz erm\u00f6glicht uns flexibles und effizientes Handeln in allen Bereichen des Unternehmensalltags.<\/p>\n<p>Seit fast 20 Jahren betreuen wir mittelst\u00e4ndisch gepr\u00e4gte Unternehmen. Zu unseren Kunden z\u00e4hlen aber auch Kommunen, \u00f6ffentliche Tr\u00e4ger, Selbstst\u00e4ndige und Privatpersonen.<\/p>\n<p>Mit einem Team von hochqualifizierten Mitarbeitern gelingt es uns, unsere Kunden umfassend und pers\u00f6nlich zu beraten und mit innovativen L\u00f6sungen zu ihrem Erfolg beizutragen. Wir gelten damit in Wirtschaft und Gesellschaft als seri\u00f6ser, glaubwu\u0308rdiger und verantwortungsvoller Partner.<\/p>\n\n\t\t<\/div>\n\t\t\t\t\t<\/div>\n\n\t\n\n<\/div>\n<div class=\"row align-bottom\"  id=\"row-317605092\">\n\n\n\t<div id=\"col-1378999515\" class=\"col medium-4 small-12 large-4\"  >\n\t\t\t\t<div class=\"col-inner\"  >\n\t\t\t\n\t\t\t\n\n\t<div id=\"text-647280707\" class=\"text\">\n\t\t\n\n<p>DOKUMENTE<\/p>\n\t\t\n<style>\n#text-647280707 {\n  color: rgb(166, 137, 75);\n}\n#text-647280707 > * {\n  color: rgb(166, 137, 75);\n}\n<\/style>\n\t<\/div>\n\t\n<div class=\"row\"  id=\"row-339877714\">\n\n\n\t<div id=\"col-18140189\" class=\"col small-12 large-12\"  >\n\t\t\t\t<div class=\"col-inner\" style=\"background-color:rgba(0, 0, 0, 0.1);\" >\n\t\t\t\n\t\t\t\n\n\t<div id=\"text-3192267866\" class=\"text\">\n\t\t\n\n<a href=\"#\">Transparenzbericht2021 (PDF) <i class=\"icon-angle-right\"><\/i><\/a>\n\t\t\n<style>\n#text-3192267866 {\n  color: #a6894b;\n}\n#text-3192267866 > * {\n  color: #a6894b;\n}\n<\/style>\n\t<\/div>\n\t\n\t<div id=\"text-2245522861\" class=\"text\">\n\t\t\n\n<a href=\"#\">Transpary Report 2020 (PDF) <i class=\"icon-angle-right\"><\/i><\/a>\n\t\t\n<style>\n#text-2245522861 {\n  color: #a6894b;\n}\n#text-2245522861 > * {\n  color: #a6894b;\n}\n<\/style>\n\t<\/div>\n\t\n\t<div id=\"text-2217327993\" class=\"text\">\n\t\t\n\n<a href=\"#\">Transpary Report 2019 (PDF) <i class=\"icon-angle-right\"><\/i><\/a>\n\t\t\n<style>\n#text-2217327993 {\n  color: #a6894b;\n}\n#text-2217327993 > * {\n  color: #a6894b;\n}\n<\/style>\n\t<\/div>\n\t\n\t<div id=\"text-2805511525\" class=\"text\">\n\t\t\n\n<a href=\"#\">Transpary Report 2018 (PDF)<i class=\"icon-angle-right\"><\/i><\/a>\n\t\t\n<style>\n#text-2805511525 {\n  color: #a6894b;\n}\n#text-2805511525 > * {\n  color: #a6894b;\n}\n<\/style>\n\t<\/div>\n\t\n\t<div id=\"text-129901922\" class=\"text\">\n\t\t\n\n<a href=\"#\">Transpary Report 2017 (PDF) <i class=\"icon-angle-right\"><\/i><\/a>\n\t\t\n<style>\n#text-129901922 {\n  color: #a6894b;\n}\n#text-129901922 > * {\n  color: #a6894b;\n}\n<\/style>\n\t<\/div>\n\t\n\n\t\t<\/div>\n\t\t\t\t\n<style>\n#col-18140189 > .col-inner {\n  padding: 15px 15px 15px 15px;\n}\n<\/style>\n\t<\/div>\n\n\t\n\n<\/div>\n\n\t\t<\/div>\n\t\t\t\t\t<\/div>\n\n\t\n\n\t<div id=\"col-2103306630\" class=\"col medium-8 small-12 large-8\"  >\n\t\t\t\t<div class=\"col-inner\"  >\n\t\t\t\n\t\t\t\n\n\t<div id=\"text-1576014922\" class=\"text\">\n\t\t\n\n<h3>QUALIT\u00c4TSSICHERUNG AUF HOHEM NIVEAU.<\/h3>\n\t\t\n<style>\n#text-1576014922 {\n  color: rgb(166, 137, 75);\n}\n#text-1576014922 > * {\n  color: rgb(166, 137, 75);\n}\n<\/style>\n\t<\/div>\n\t\n<p>MSW betreibt Qualit\u00e4tssicherung auf hohem Niveau und nutzt innovative Methoden zur Erschlie\u00dfung neuer M\u00e4rkte und zur Produktgestaltung.<\/p>\n<p>Im Jahr 2019 haben wir die gesetzlich vorgesehene Pru\u0308fung des Qualit\u00e4tssicherungssystems fu\u0308r Wirtschaftspru\u0308fergesellschaften erfolgreich abgelegt und achten stets auf die Einhaltung der vorgeschriebenen Qualit\u00e4tskriterien.<\/p>\n<p>Daru\u0308ber hinaus haben wir uns im Rahmen unseres Qualit\u00e4tssicherungssystems verpflichtet, alle unsere gesetzlich vorgeschriebenen Jahresabschlusspru\u0308fungen durch einen externen Wirtschaftspru\u0308fer reviewen zu lassen. Damit geht<br \/>\nMSW u\u0308ber das durch die Wirtschaftspru\u0308ferkammer vorgesehene Qualit\u00e4tssicherungssystem hinaus.<\/p>\n<p>Zudem erhalten unsere Mitarbeiter im Rahmen eines langfristig angelegten Weiterbildungsprogramms j\u00e4hrlich u\u0308ber 40 Stunden an Schulungen, die individuell auf ihre F\u00e4higkeiten und Ziele zugeschnitten sind.<\/p>\n\t<div id=\"text-427331221\" class=\"text\">\n\t\t\n\n<h3>QUALIT\u00c4TSSICHERUNG AUF HOHEM NIVEAU.<\/h3>\n\t\t\n<style>\n#text-427331221 {\n  color: rgb(166, 137, 75);\n}\n#text-427331221 > * {\n  color: rgb(166, 137, 75);\n}\n<\/style>\n\t<\/div>\n\t\n<p>Horst Mantay und sein Team stehen Ihnen gerne mit Rat und Tat zur Seite.<\/p>\n\n\t\t<\/div>\n\t\t\t\t\t<\/div>\n\n\t\n\n<\/div>\n\n\t\t<\/div>\n\n\t\t\n<style>\n#section_148264023 {\n  padding-top: 30px;\n  padding-bottom: 30px;\n}\n<\/style>\n\t<\/section>","protected":false},"excerpt":{"rendered":"","protected":false},"author":1,"featured_media":0,"parent":492,"menu_order":0,"comment_status":"closed","ping_status":"open","template":"","meta":{"footnotes":""},"class_list":["post-81","page","type-page","status-publish","hentry"],"_links":{"self":[{"href":"https:\/\/www.mswberlin.de\/en\/wp-json\/wp\/v2\/pages\/81","targetHints":{"allow":["GET"]}}],"collection":[{"href":"https:\/\/www.mswberlin.de\/en\/wp-json\/wp\/v2\/pages"}],"about":[{"href":"https:\/\/www.mswberlin.de\/en\/wp-json\/wp\/v2\/types\/page"}],"author":[{"embeddable":true,"href":"https:\/\/www.mswberlin.de\/en\/wp-json\/wp\/v2\/users\/1"}],"replies":[{"embeddable":true,"href":"https:\/\/www.mswberlin.de\/en\/wp-json\/wp\/v2\/comments?post=81"}],"version-history":[{"count":18,"href":"https:\/\/www.mswberlin.de\/en\/wp-json\/wp\/v2\/pages\/81\/revisions"}],"predecessor-version":[{"id":491,"href":"https:\/\/www.mswberlin.de\/en\/wp-json\/wp\/v2\/pages\/81\/revisions\/491"}],"up":[{"embeddable":true,"href":"https:\/\/www.mswberlin.de\/en\/wp-json\/wp\/v2\/pages\/492"}],"wp:attachment":[{"href":"https:\/\/www.mswberlin.de\/en\/wp-json\/wp\/v2\/media?parent=81"}],"curies":[{"name":"wp","href":"https:\/\/api.w.org\/{rel}","templated":true}]}}